{"id":7512,"date":"2023-12-08T15:47:30","date_gmt":"2023-12-08T14:47:30","guid":{"rendered":"http:\/\/access.ingeniousminds.academy\/access\/produit\/principes-secrets-pour-creer-ta-liberte-financiere\/"},"modified":"2023-12-08T16:49:47","modified_gmt":"2023-12-08T15:49:47","slug":"principes-secrets-pour-creer-ta-liberte-financiere","status":"publish","type":"product","link":"https:\/\/access.ingeniousminds.academy\/access\/produit\/principes-secrets-pour-creer-ta-liberte-financiere\/","title":{"rendered":"Principes &#038; secrets pour cr\u00e9er ta libert\u00e9 financi\u00e8re"},"content":{"rendered":"","protected":false},"excerpt":{"rendered":"","protected":false},"featured_media":217,"template":"","meta":[],"product_cat":[16],"product_tag":[],"class_list":["post-7512","product","type-product","status-publish","has-post-thumbnail","hentry","product_cat-non-classe"],"_links":{"self":[{"href":"https:\/\/access.ingeniousminds.academy\/access\/wp-json\/wp\/v2\/product\/7512","targetHints":{"allow":["GET"]}}],"collection":[{"href":"https:\/\/access.ingeniousminds.academy\/access\/wp-json\/wp\/v2\/product"}],"about":[{"href":"https:\/\/access.ingeniousminds.academy\/access\/wp-json\/wp\/v2\/types\/product"}],"wp:featuredmedia":[{"embeddable":true,"href":"https:\/\/access.ingeniousminds.academy\/access\/wp-json\/wp\/v2\/media\/217"}],"wp:attachment":[{"href":"https:\/\/access.ingeniousminds.academy\/access\/wp-json\/wp\/v2\/media?parent=7512"}],"wp:term":[{"taxonomy":"product_cat","embeddable":true,"href":"https:\/\/access.ingeniousminds.academy\/access\/wp-json\/wp\/v2\/product_cat?post=7512"},{"taxonomy":"product_tag","embeddable":true,"href":"https:\/\/access.ingeniousminds.academy\/access\/wp-json\/wp\/v2\/product_tag?post=7512"}],"curies":[{"name":"wp","href":"https:\/\/api.w.org\/{rel}","templated":true}]}}